{"id":22,"date":"2010-09-29T17:17:16","date_gmt":"2010-09-29T15:17:16","guid":{"rendered":"http:\/\/www.terrassendach-freisleben.de.dd8518.kasserver.com\/?page_id=22"},"modified":"2014-08-24T17:54:26","modified_gmt":"2014-08-24T15:54:26","slug":"home","status":"publish","type":"page","link":"https:\/\/www.terrassendach-freisleben.de\/","title":{"rendered":"Startseite"},"content":{"rendered":"<div>\n<p><span style=\"color: #0000ff;\"><strong>Willkommen auf\u00a0unserer Internet-Pr\u00e4senz.<\/strong><\/span><\/p>\n<p>Die Terrasse stellt heute eine echte Erweiterung des Wohnraums dar und ist zu einer Art Wohnraum im Freien geworden.<br \/>\nWer \u00fcber eine Terrasse verf\u00fcgt, m\u00f6chte deren Vorz\u00fcge nicht nur w\u00e4hrend der Sommermonate nutzen, sondern ganzj\u00e4hrig etwas vom Platz im Freien haben.<\/p>\n<p>Sonnenschirme, Sonnensegel, Pavillons oder Markisen aller Ausf\u00fchrungen geh\u00f6ren heute nur noch zu den provisorischen L\u00f6sungen.<br \/>\nEine zuverl\u00e4ssige Beschattung, UV-, Regen- und Blickschutz k\u00f6nnen \u00fcber derartige Provisorien nicht zuverl\u00e4ssig und dauerhaft realisiert werden.<\/p>\n<p>Sie m\u00f6chten die Nutzungsdauer Ihrer Terrasse auf\u00a0 365 Tage im Jahr verl\u00e4ngern &#8211;<br \/>\nIhre Terrasse auch bei hochsommerlichen Temperaturen, Regen oder sogar im verschneiten Winter nutzen?<br \/>\nNie wieder ungesch\u00fctzte Terrassenm\u00f6bel\u00a0r\u00fccken, an die Auflagen denken\u00a0oder gar die n\u00e4chste Familienfeier nach dem Wetterbericht planen?<br \/>\nSie haben kein gesteigertes Interesse an neuerlichen Ausgaben f\u00fcr Terrassenm\u00f6bel, Auflagen und provisorische \u00dcbergangsl\u00f6sungen?<\/p>\n<p>Dann sind Sie bei uns richtig.<br \/>\nWir bieten Ihnen funktionelle und architektonisch anspruchsvolle L\u00f6sungen f\u00fcr jede gegebene Situation.<\/p>\n<p>Informieren Sie sich auf unserer Webseite \u00fcber die M\u00f6glichkeiten der individuellen Gestaltung Ihrer Terrasse, aber auch Ihres Carports\u00a0und mehr&#8230;<\/p>\n<p><span style=\"color: #0000ff;\"><strong> <\/strong><\/span><\/p>\n<\/div>\n","protected":false},"excerpt":{"rendered":"<p>Willkommen auf\u00a0unserer Internet-Pr\u00e4senz. Die Terrasse stellt heute eine echte Erweiterung des Wohnraums dar und ist zu einer Art Wohnraum im Freien geworden. Wer \u00fcber eine Terrasse verf\u00fcgt, m\u00f6chte deren Vorz\u00fcge nicht nur w\u00e4hrend der Sommermonate nutzen, sondern ganzj\u00e4hrig etwas vom &hellip; <a href=\"https:\/\/www.terrassendach-freisleben.de\/\">Weiterlesen <span class=\"meta-nav\">&rarr;<\/span><\/a><\/p>\n","protected":false},"author":2,"featured_media":0,"parent":0,"menu_order":0,"comment_status":"closed","ping_status":"closed","template":"","meta":{"footnotes":""},"class_list":["post-22","page","type-page","status-publish","hentry"],"_links":{"self":[{"href":"https:\/\/www.terrassendach-freisleben.de\/index.php?rest_route=\/wp\/v2\/pages\/22","targetHints":{"allow":["GET"]}}],"collection":[{"href":"https:\/\/www.terrassendach-freisleben.de\/index.php?rest_route=\/wp\/v2\/pages"}],"about":[{"href":"https:\/\/www.terrassendach-freisleben.de\/index.php?rest_route=\/wp\/v2\/types\/page"}],"author":[{"embeddable":true,"href":"https:\/\/www.terrassendach-freisleben.de\/index.php?rest_route=\/wp\/v2\/users\/2"}],"replies":[{"embeddable":true,"href":"https:\/\/www.terrassendach-freisleben.de\/index.php?rest_route=%2Fwp%2Fv2%2Fcomments&post=22"}],"version-history":[{"count":25,"href":"https:\/\/www.terrassendach-freisleben.de\/index.php?rest_route=\/wp\/v2\/pages\/22\/revisions"}],"predecessor-version":[{"id":258,"href":"https:\/\/www.terrassendach-freisleben.de\/index.php?rest_route=\/wp\/v2\/pages\/22\/revisions\/258"}],"wp:attachment":[{"href":"https:\/\/www.terrassendach-freisleben.de\/index.php?rest_route=%2Fwp%2Fv2%2Fmedia&parent=22"}],"curies":[{"name":"wp","href":"https:\/\/api.w.org\/{rel}","templated":true}]}}