{"id":20,"date":"2010-09-29T17:15:46","date_gmt":"2010-09-29T15:15:46","guid":{"rendered":"http:\/\/www.terrassendach-freisleben.de.dd8518.kasserver.com\/?page_id=20"},"modified":"2014-08-24T18:14:42","modified_gmt":"2014-08-24T16:14:42","slug":"leistungen","status":"publish","type":"page","link":"https:\/\/www.terrassendach-freisleben.de\/?page_id=20","title":{"rendered":"Leistungen"},"content":{"rendered":"<p>Wir bieten Ihnen die Planung und\u00a0Errichtung individueller \u00dcberdachungen f\u00fcr Terrassen, Car-Ports,\u00a0Hauseing\u00e4nge und mehr.<\/p>\n<p>F\u00fcr die Planung und Gestaltung Ihrer \u00dcberdachung sind zun\u00e4chst die \u00f6rtlichen Gegebenheiten ausschlaggebend.<br \/>\nIm Vordergrund stehen jedoch\u00a0grunds\u00e4tzlich Ihre pers\u00f6nlichen W\u00fcnsche und Vorstellungen.<br \/>\nWir sind sicher, auch f\u00fcr jede zun\u00e4chst unl\u00f6sbar erscheinende Situation eine ansprechende L\u00f6sung entwickeln zu k\u00f6nnen.<br \/>\nUnsere zahlreichen Erfahrungen best\u00e4tigen\u00a0dies.\u00a0<\/p>\n<p>Im\u00a0Ergebnis\u00a0wird stets eine\u00a0gestalterisch und funktionell anspruchsvolle Konstruktion erstellt, welche sich Ihrer vorhandenen Bebauung anpasst.<br \/>\nZum Einsatz gelangen ausschlie\u00dflich hochwertige und bewusst ausgesuchte Materialien, welche eine hohe Flexibilit\u00e4t in Form- und Farbgebung zulassen.\u00a0\u00a0<br \/>\n\u00a0\u00a0\u00a0\u00a0\u00a0\u00a0\u00a0\u00a0\u00a0\u00a0\u00a0\u00a0\u00a0\u00a0\u00a0\u00a0\u00a0\u00a0\u00a0\u00a0\u00a0\u00a0\u00a0\u00a0\u00a0<br \/>\nDie Konstruktionen lassen sich nahezu beliebig ver\u00e4ndern oder auch erweitern.<br \/>\nEine sp\u00e4tere Umgestaltung oder auch anderweitige Nutzung z.B.\u00a0als geschlossener Wintergarten\u00a0bleiben hierbei jederzeit m\u00f6glich.<br \/>\nSeitenbekleidungen, Sichtschutz-Elemente, Br\u00fcstungen\u00a0oder auch Rankhilfen lassen sich jederzeit unproblematisch nachr\u00fcsten &#8211; aber auch wieder entfernen.<br \/>\nSie bleiben damit immer flexibel in Ihrer Entscheidung f\u00fcr\u00a0m\u00f6gliche sp\u00e4tere\u00a0Ver\u00e4nderungen. <\/p>\n<p>Eine hochwertige \u00dcberdachung erh\u00f6ht nicht nur den\u00a0Wert Ihrer Immobilie erheblich &#8211; Ihre Terrasse wird nun,\u00a0unabh\u00e4ngig von jedem Wetter,\u00a0ganzj\u00e4hrig nutzbar sein.\u00a0\u00a0\u00a0\u00a0\u00a0\u00a0\u00a0\u00a0\u00a0\u00a0\u00a0\u00a0\u00a0\u00a0\u00a0\u00a0\u00a0\u00a0\u00a0\u00a0\u00a0\u00a0\u00a0\u00a0\u00a0\u00a0\u00a0\u00a0<br \/>\nIn Kombination mit anspruchsvoller handwerklicher Verarbeitung bis ins Detail\u00a0ist eine \u00e4u\u00dferst hohe Wertbest\u00e4ndigkeit im Ergebnis\u00a0selbstverst\u00e4ndlich.<\/p>\n<p>Wir reden nicht nur davon&#8230;\u00a0\u00a0\u00a0\u00a0\u00a0\u00a0\u00a0\u00a0\u00a0\u00a0\u00a0\u00a0\u00a0\u00a0\u00a0\u00a0\u00a0\u00a0\u00a0\u00a0\u00a0\u00a0\u00a0\u00a0\u00a0\u00a0\u00a0\u00a0\u00a0\u00a0\u00a0\u00a0\u00a0\u00a0\u00a0\u00a0\u00a0\u00a0\u00a0\u00a0\u00a0\u00a0\u00a0\u00a0\u00a0\u00a0\u00a0\u00a0\u00a0\u00a0\u00a0\u00a0\u00a0\u00a0\u00a0\u00a0\u00a0\u00a0\u00a0\u00a0\u00a0\u00a0\u00a0\u00a0\u00a0\u00a0\u00a0<br \/>\nIn einem pers\u00f6nlichen Gespr\u00e4ch werden wir Sie hierzu gern beraten.<br \/>\nBitte nutzen Sie\u00a0hierzu das Kontaktformular per e-mail oder gern auch die unter IMPRESSUM angegebenen Telefonnummern.<\/p>\n","protected":false},"excerpt":{"rendered":"<p>Wir bieten Ihnen die Planung und\u00a0Errichtung individueller \u00dcberdachungen f\u00fcr Terrassen, Car-Ports,\u00a0Hauseing\u00e4nge und mehr. F\u00fcr die Planung und Gestaltung Ihrer \u00dcberdachung sind zun\u00e4chst die \u00f6rtlichen Gegebenheiten ausschlaggebend. Im Vordergrund stehen jedoch\u00a0grunds\u00e4tzlich Ihre pers\u00f6nlichen W\u00fcnsche und Vorstellungen. Wir sind sicher, auch f\u00fcr &hellip; <a href=\"https:\/\/www.terrassendach-freisleben.de\/?page_id=20\">Weiterlesen <span class=\"meta-nav\">&rarr;<\/span><\/a><\/p>\n","protected":false},"author":2,"featured_media":0,"parent":0,"menu_order":1,"comment_status":"closed","ping_status":"closed","template":"","meta":{"footnotes":""},"class_list":["post-20","page","type-page","status-publish","hentry"],"_links":{"self":[{"href":"https:\/\/www.terrassendach-freisleben.de\/index.php?rest_route=\/wp\/v2\/pages\/20","targetHints":{"allow":["GET"]}}],"collection":[{"href":"https:\/\/www.terrassendach-freisleben.de\/index.php?rest_route=\/wp\/v2\/pages"}],"about":[{"href":"https:\/\/www.terrassendach-freisleben.de\/index.php?rest_route=\/wp\/v2\/types\/page"}],"author":[{"embeddable":true,"href":"https:\/\/www.terrassendach-freisleben.de\/index.php?rest_route=\/wp\/v2\/users\/2"}],"replies":[{"embeddable":true,"href":"https:\/\/www.terrassendach-freisleben.de\/index.php?rest_route=%2Fwp%2Fv2%2Fcomments&post=20"}],"version-history":[{"count":30,"href":"https:\/\/www.terrassendach-freisleben.de\/index.php?rest_route=\/wp\/v2\/pages\/20\/revisions"}],"predecessor-version":[{"id":86,"href":"https:\/\/www.terrassendach-freisleben.de\/index.php?rest_route=\/wp\/v2\/pages\/20\/revisions\/86"}],"wp:attachment":[{"href":"https:\/\/www.terrassendach-freisleben.de\/index.php?rest_route=%2Fwp%2Fv2%2Fmedia&parent=20"}],"curies":[{"name":"wp","href":"https:\/\/api.w.org\/{rel}","templated":true}]}}